{"id":687,"date":"2026-01-20T04:47:07","date_gmt":"2026-01-20T04:47:07","guid":{"rendered":"https:\/\/rabattblick.de\/?page_id=687"},"modified":"2026-01-23T13:35:27","modified_gmt":"2026-01-23T13:35:27","slug":"affiliate-hinweis","status":"publish","type":"page","link":"https:\/\/rabattblick.de\/de\/affiliate-hinweis\/","title":{"rendered":"Affiliate-Hinweis"},"content":{"rendered":"<div data-elementor-type=\"wp-page\" data-elementor-id=\"687\" class=\"elementor elementor-687\" data-elementor-post-type=\"page\">\n\t\t\t\t<div class=\"elementor-element elementor-element-854198e e-flex e-con-boxed e-con e-parent\" data-id=\"854198e\" data-element_type=\"container\" data-e-type=\"container\">\n\t\t\t\t\t<div class=\"e-con-inner\">\n\t\t\t\t\t<\/div>\n\t\t\t\t<\/div>\n\t\t<div class=\"elementor-element elementor-element-ed725b1 e-flex e-con-boxed e-con e-parent\" data-id=\"ed725b1\" data-element_type=\"container\" data-e-type=\"container\">\n\t\t\t\t\t<div class=\"e-con-inner\">\n\t\t\t\t<div class=\"elementor-element elementor-element-d83808b elementor-widget elementor-widget-text-editor\" data-id=\"d83808b\" data-element_type=\"widget\" data-e-type=\"widget\" data-widget_type=\"text-editor.default\">\n\t\t\t\t\t\t\t\t\t<p>Einige Links auf dieser Website sind sogenannte Affiliate-Links. Wenn Sie auf einen solchen Link klicken und anschlie\u00dfend einen Kauf bei einem unserer Partner-H\u00e4ndler t\u00e4tigen, kann RabattBlick eine Provision erhalten. F\u00fcr Sie entstehen dadurch keine zus\u00e4tzlichen Kosten.<br \/>RabattBlick verkauft keine Produkte selbst und verarbeitet keine Zahlungen. Alle K\u00e4ufe werden direkt auf der offiziellen Website des jeweiligen Anbieters abgeschlossen. Die Inhalte und Angebote dienen ausschlie\u00dflich Informationszwecken und helfen Nutzern, passende Rabatte und Aktionen zu finden.<\/p>\t\t\t\t\t\t\t\t<\/div>\n\t\t\t\t\t<\/div>\n\t\t\t\t<\/div>\n\t\t\t\t<\/div>","protected":false},"excerpt":{"rendered":"<p>Einige Links auf dieser Website sind sogenannte Affiliate-Links. Wenn Sie auf einen solchen Link klicken und anschlie\u00dfend einen Kauf bei einem unserer Partner-H\u00e4ndler t\u00e4tigen, kann RabattBlick eine Provision erhalten. F\u00fcr Sie entstehen dadurch keine zus\u00e4tzlichen Kosten.RabattBlick verkauft keine Produkte selbst und verarbeitet keine Zahlungen. Alle K\u00e4ufe werden direkt auf der offiziellen Website des jeweiligen Anbieters [&hellip;]<\/p>\n","protected":false},"author":2,"featured_media":0,"parent":0,"menu_order":0,"comment_status":"closed","ping_status":"closed","template":"elementor_header_footer","meta":{"footnotes":""},"class_list":["post-687","page","type-page","status-publish","hentry"],"yoast_head":"<!-- This site is optimized with the Yoast SEO Premium plugin v26.0 (Yoast SEO v27.5) - https:\/\/yoast.com\/product\/yoast-seo-premium-wordpress\/ -->\n<title>Affiliate-Hinweis - RABATT BLICK<\/title>\n<meta name=\"robots\" content=\"index, follow, max-snippet:-1, max-image-preview:large, max-video-preview:-1\" \/>\n<link rel=\"canonical\" href=\"https:\/\/rabattblick.de\/de\/affiliate-hinweis\/\" \/>\n<meta property=\"og:locale\" content=\"de_DE\" \/>\n<meta property=\"og:type\" content=\"article\" \/>\n<meta property=\"og:title\" content=\"Affiliate-Hinweis\" \/>\n<meta property=\"og:description\" content=\"Einige Links auf dieser Website sind sogenannte Affiliate-Links. Wenn Sie auf einen solchen Link klicken und anschlie\u00dfend einen Kauf bei einem unserer Partner-H\u00e4ndler t\u00e4tigen, kann RabattBlick eine Provision erhalten. F\u00fcr Sie entstehen dadurch keine zus\u00e4tzlichen Kosten.RabattBlick verkauft keine Produkte selbst und verarbeitet keine Zahlungen. Alle K\u00e4ufe werden direkt auf der offiziellen Website des jeweiligen Anbieters [&hellip;]\" \/>\n<meta property=\"og:url\" content=\"https:\/\/rabattblick.de\/de\/affiliate-hinweis\/\" \/>\n<meta property=\"og:site_name\" content=\"RABATT BLICK\" \/>\n<meta property=\"article:modified_time\" content=\"2026-01-23T13:35:27+00:00\" \/>\n<meta name=\"twitter:card\" content=\"summary_large_image\" \/>\n<meta name=\"twitter:label1\" content=\"Gesch\u00e4tzte Lesezeit\" \/>\n\t<meta name=\"twitter:data1\" content=\"1\u00a0Minute\" \/>\n<script type=\"application\/ld+json\" class=\"yoast-schema-graph\">{\"@context\":\"https:\\\/\\\/schema.org\",\"@graph\":[{\"@type\":\"WebPage\",\"@id\":\"https:\\\/\\\/rabattblick.de\\\/affiliate-hinweis\\\/\",\"url\":\"https:\\\/\\\/rabattblick.de\\\/affiliate-hinweis\\\/\",\"name\":\"Affiliate-Hinweis - RABATT BLICK\",\"isPartOf\":{\"@id\":\"https:\\\/\\\/rabattblick.de\\\/#website\"},\"datePublished\":\"2026-01-20T04:47:07+00:00\",\"dateModified\":\"2026-01-23T13:35:27+00:00\",\"breadcrumb\":{\"@id\":\"https:\\\/\\\/rabattblick.de\\\/affiliate-hinweis\\\/#breadcrumb\"},\"inLanguage\":\"de\",\"potentialAction\":[{\"@type\":\"ReadAction\",\"target\":[\"https:\\\/\\\/rabattblick.de\\\/affiliate-hinweis\\\/\"]}]},{\"@type\":\"BreadcrumbList\",\"@id\":\"https:\\\/\\\/rabattblick.de\\\/affiliate-hinweis\\\/#breadcrumb\",\"itemListElement\":[{\"@type\":\"ListItem\",\"position\":1,\"name\":\"Home\",\"item\":\"https:\\\/\\\/rabattblick.de\\\/\"},{\"@type\":\"ListItem\",\"position\":2,\"name\":\"Affiliate-Hinweis\"}]},{\"@type\":\"WebSite\",\"@id\":\"https:\\\/\\\/rabattblick.de\\\/#website\",\"url\":\"https:\\\/\\\/rabattblick.de\\\/\",\"name\":\"RABATT BLICK\",\"description\":\"\",\"publisher\":{\"@id\":\"https:\\\/\\\/rabattblick.de\\\/#organization\"},\"potentialAction\":[{\"@type\":\"SearchAction\",\"target\":{\"@type\":\"EntryPoint\",\"urlTemplate\":\"https:\\\/\\\/rabattblick.de\\\/?s={search_term_string}\"},\"query-input\":{\"@type\":\"PropertyValueSpecification\",\"valueRequired\":true,\"valueName\":\"search_term_string\"}}],\"inLanguage\":\"de\"},{\"@type\":\"Organization\",\"@id\":\"https:\\\/\\\/rabattblick.de\\\/#organization\",\"name\":\"RABATT BLICK\",\"url\":\"https:\\\/\\\/rabattblick.de\\\/\",\"logo\":{\"@type\":\"ImageObject\",\"inLanguage\":\"de\",\"@id\":\"https:\\\/\\\/rabattblick.de\\\/#\\\/schema\\\/logo\\\/image\\\/\",\"url\":\"https:\\\/\\\/rabattblick.de\\\/wp-content\\\/uploads\\\/2026\\\/01\\\/Rabattblick-logo-1-2.png\",\"contentUrl\":\"https:\\\/\\\/rabattblick.de\\\/wp-content\\\/uploads\\\/2026\\\/01\\\/Rabattblick-logo-1-2.png\",\"width\":149,\"height\":50,\"caption\":\"RABATT BLICK\"},\"image\":{\"@id\":\"https:\\\/\\\/rabattblick.de\\\/#\\\/schema\\\/logo\\\/image\\\/\"}}]}<\/script>\n<!-- \/ Yoast SEO Premium plugin. -->","yoast_head_json":{"title":"Affiliate-Hinweis - RABATT BLICK","robots":{"index":"index","follow":"follow","max-snippet":"max-snippet:-1","max-image-preview":"max-image-preview:large","max-video-preview":"max-video-preview:-1"},"canonical":"https:\/\/rabattblick.de\/de\/affiliate-hinweis\/","og_locale":"de_DE","og_type":"article","og_title":"Affiliate-Hinweis","og_description":"Einige Links auf dieser Website sind sogenannte Affiliate-Links. Wenn Sie auf einen solchen Link klicken und anschlie\u00dfend einen Kauf bei einem unserer Partner-H\u00e4ndler t\u00e4tigen, kann RabattBlick eine Provision erhalten. F\u00fcr Sie entstehen dadurch keine zus\u00e4tzlichen Kosten.RabattBlick verkauft keine Produkte selbst und verarbeitet keine Zahlungen. Alle K\u00e4ufe werden direkt auf der offiziellen Website des jeweiligen Anbieters [&hellip;]","og_url":"https:\/\/rabattblick.de\/de\/affiliate-hinweis\/","og_site_name":"RABATT BLICK","article_modified_time":"2026-01-23T13:35:27+00:00","twitter_card":"summary_large_image","twitter_misc":{"Gesch\u00e4tzte Lesezeit":"1\u00a0Minute"},"schema":{"@context":"https:\/\/schema.org","@graph":[{"@type":"WebPage","@id":"https:\/\/rabattblick.de\/affiliate-hinweis\/","url":"https:\/\/rabattblick.de\/affiliate-hinweis\/","name":"Affiliate-Hinweis - RABATT BLICK","isPartOf":{"@id":"https:\/\/rabattblick.de\/#website"},"datePublished":"2026-01-20T04:47:07+00:00","dateModified":"2026-01-23T13:35:27+00:00","breadcrumb":{"@id":"https:\/\/rabattblick.de\/affiliate-hinweis\/#breadcrumb"},"inLanguage":"de","potentialAction":[{"@type":"ReadAction","target":["https:\/\/rabattblick.de\/affiliate-hinweis\/"]}]},{"@type":"BreadcrumbList","@id":"https:\/\/rabattblick.de\/affiliate-hinweis\/#breadcrumb","itemListElement":[{"@type":"ListItem","position":1,"name":"Home","item":"https:\/\/rabattblick.de\/"},{"@type":"ListItem","position":2,"name":"Affiliate-Hinweis"}]},{"@type":"WebSite","@id":"https:\/\/rabattblick.de\/#website","url":"https:\/\/rabattblick.de\/","name":"RABATT BLICK","description":"","publisher":{"@id":"https:\/\/rabattblick.de\/#organization"},"potentialAction":[{"@type":"SearchAction","target":{"@type":"EntryPoint","urlTemplate":"https:\/\/rabattblick.de\/?s={search_term_string}"},"query-input":{"@type":"PropertyValueSpecification","valueRequired":true,"valueName":"search_term_string"}}],"inLanguage":"de"},{"@type":"Organization","@id":"https:\/\/rabattblick.de\/#organization","name":"RABATT BLICK","url":"https:\/\/rabattblick.de\/","logo":{"@type":"ImageObject","inLanguage":"de","@id":"https:\/\/rabattblick.de\/#\/schema\/logo\/image\/","url":"https:\/\/rabattblick.de\/wp-content\/uploads\/2026\/01\/Rabattblick-logo-1-2.png","contentUrl":"https:\/\/rabattblick.de\/wp-content\/uploads\/2026\/01\/Rabattblick-logo-1-2.png","width":149,"height":50,"caption":"RABATT BLICK"},"image":{"@id":"https:\/\/rabattblick.de\/#\/schema\/logo\/image\/"}}]}},"_hostinger_reach_plugin_has_subscription_block":false,"_hostinger_reach_plugin_is_elementor":false,"_links":{"self":[{"href":"https:\/\/rabattblick.de\/de\/wp-json\/wp\/v2\/pages\/687","targetHints":{"allow":["GET"]}}],"collection":[{"href":"https:\/\/rabattblick.de\/de\/wp-json\/wp\/v2\/pages"}],"about":[{"href":"https:\/\/rabattblick.de\/de\/wp-json\/wp\/v2\/types\/page"}],"author":[{"embeddable":true,"href":"https:\/\/rabattblick.de\/de\/wp-json\/wp\/v2\/users\/2"}],"replies":[{"embeddable":true,"href":"https:\/\/rabattblick.de\/de\/wp-json\/wp\/v2\/comments?post=687"}],"version-history":[{"count":7,"href":"https:\/\/rabattblick.de\/de\/wp-json\/wp\/v2\/pages\/687\/revisions"}],"predecessor-version":[{"id":782,"href":"https:\/\/rabattblick.de\/de\/wp-json\/wp\/v2\/pages\/687\/revisions\/782"}],"wp:attachment":[{"href":"https:\/\/rabattblick.de\/de\/wp-json\/wp\/v2\/media?parent=687"}],"curies":[{"name":"wp","href":"https:\/\/api.w.org\/{rel}","templated":true}]}}