{"id":54,"date":"2026-01-13T12:33:13","date_gmt":"2026-01-13T12:33:13","guid":{"rendered":"https:\/\/green-cheetah-939650.hostingersite.com\/terms-of-use\/"},"modified":"2026-01-29T12:30:29","modified_gmt":"2026-01-29T12:30:29","slug":"geschaeftsbedingungen","status":"publish","type":"page","link":"https:\/\/rabattblick.de\/de\/geschaeftsbedingungen\/","title":{"rendered":"Gesch\u00e4ftsbedingungen"},"content":{"rendered":"<div data-elementor-type=\"wp-page\" data-elementor-id=\"54\" class=\"elementor elementor-54\" data-elementor-post-type=\"page\">\n\t\t\t\t<div class=\"elementor-element elementor-element-6a32304 e-flex e-con-boxed e-con e-parent\" data-id=\"6a32304\" data-element_type=\"container\" data-e-type=\"container\">\n\t\t\t\t\t<div class=\"e-con-inner\">\n\t\t\t\t\t<\/div>\n\t\t\t\t<\/div>\n\t\t<div class=\"elementor-element elementor-element-61d147a e-flex e-con-boxed e-con e-parent\" data-id=\"61d147a\" data-element_type=\"container\" data-e-type=\"container\">\n\t\t\t\t\t<div class=\"e-con-inner\">\n\t\t\t\t<div class=\"elementor-element elementor-element-c973e7e elementor-widget elementor-widget-text-editor\" data-id=\"c973e7e\" data-element_type=\"widget\" data-e-type=\"widget\" data-widget_type=\"text-editor.default\">\n\t\t\t\t\t\t\t\t\t<p>Willkommen auf <strong>RabattBlick<\/strong>\u00a0Durch die Nutzung dieser Website stimmen Sie diesen Allgemeinen Gesch\u00e4ftsbedingungen zu. Bitte lesen Sie diese sorgf\u00e4ltig.<\/p><h3 data-start=\"368\" data-end=\"383\">1. \u00dcber uns<\/h3><p data-start=\"384\" data-end=\"726\">RabattBlick ist eine unabh\u00e4ngige Plattform f\u00fcr Gutscheine, Angebote und Rabatte. Wir stellen Informationen zu Angeboten von Drittanbieter-Online-Shops bereit. Wir <strong data-start=\"547\" data-end=\"575\">verkaufen keine Produkte<\/strong>, <strong data-start=\"577\" data-end=\"607\">bearbeiten keine Zahlungen<\/strong> und <strong data-start=\"612\" data-end=\"645\">wickeln keine Bestellungen ab<\/strong>. Alle K\u00e4ufe werden direkt auf der Website des jeweiligen H\u00e4ndlers abgeschlossen.<\/p><h3 data-start=\"108\" data-end=\"138\">2. Nutzung unserer Website<\/h3><p data-start=\"139\" data-end=\"260\">Sie stimmen zu, RabattBlick verantwortungsbewusst und nicht f\u00fcr rechtswidrige Zwecke zu nutzen. Es ist Ihnen untersagt:<\/p><ul data-start=\"261\" data-end=\"485\"><li data-start=\"261\" data-end=\"345\"><p data-start=\"263\" data-end=\"345\">Unsere Inhalte ohne Erlaubnis zu kopieren, zu vervielf\u00e4ltigen oder zu verbreiten<\/p><\/li><li data-start=\"346\" data-end=\"405\"><p data-start=\"348\" data-end=\"405\">Zu versuchen, die Website zu hacken oder zu besch\u00e4digen<\/p><\/li><li data-start=\"406\" data-end=\"485\"><p data-start=\"408\" data-end=\"485\">Die Website zu nutzen, um Spam zu versenden oder andere Dienste zu bewerben<\/p><\/li><\/ul><h3 data-start=\"108\" data-end=\"130\">3. Affiliate-Links<\/h3><p data-start=\"131\" data-end=\"347\">Einige Links auf RabattBlick sind sogenannte Affiliate-Links. Das bedeutet, dass wir eine Provision erhalten k\u00f6nnen, wenn Sie auf einen Link klicken und einen Kauf t\u00e4tigen. Dies erh\u00f6ht <strong data-start=\"316\" data-end=\"325\">nicht<\/strong> die Kosten f\u00fcr Sie.<\/p><p data-start=\"349\" data-end=\"451\">Wir \u00fcbernehmen keine Verantwortung f\u00fcr Inhalte, Produkte oder Dienstleistungen von Websites Dritter.<\/p><h3 data-start=\"177\" data-end=\"202\">4. Geistiges Eigentum<\/h3><p data-start=\"203\" data-end=\"460\">Alle Inhalte auf RabattBlick, einschlie\u00dflich Logos, Texte und Bilder, sind urheberrechtlich gesch\u00fctzt. Sie d\u00fcrfen unsere Inhalte f\u00fcr den pers\u00f6nlichen Gebrauch ansehen und teilen, jedoch nicht verkaufen, kopieren oder weiterverbreiten, ohne unsere Erlaubnis.\u00a0<\/p><h3 data-start=\"467\" data-end=\"492\">5. Haftungsausschluss<\/h3><p data-start=\"493\" data-end=\"725\">Obwohl wir uns bem\u00fchen, genaue und aktuelle Informationen bereitzustellen, k\u00f6nnen wir nicht garantieren, dass alle Angebote, Rabatte und Gutscheincodes stets g\u00fcltig sind. Preise und Verf\u00fcgbarkeit k\u00f6nnen ohne Vorank\u00fcndigung \u00e4ndern.<\/p><p data-start=\"727\" data-end=\"855\">RabattBlick haftet nicht f\u00fcr Sch\u00e4den oder Verluste, die durch die Nutzung der Website oder K\u00e4ufe auf Websites Dritter entstehen.<\/p><h3 data-start=\"862\" data-end=\"880\">6. Datenschutz<\/h3><p data-start=\"881\" data-end=\"1043\">Wir respektieren Ihre Privatsph\u00e4re. Bitte lesen Sie unsere <strong data-start=\"940\" data-end=\"964\">Datenschutzerkl\u00e4rung<\/strong>, um zu verstehen, wie wir Ihre personenbezogenen Daten erfassen und verwenden.<\/p><h3 data-start=\"1050\" data-end=\"1104\">7. \u00c4nderungen der Allgemeinen Gesch\u00e4ftsbedingungen<\/h3><p data-start=\"1105\" data-end=\"1335\">Wir k\u00f6nnen diese Allgemeinen Gesch\u00e4ftsbedingungen jederzeit aktualisieren. Die neueste Version wird stets auf dieser Seite ver\u00f6ffentlicht. Die fortgesetzte Nutzung der Website gilt als Zustimmung zu den aktualisierten Bedingungen.<\/p><h3 data-start=\"1342\" data-end=\"1356\">8. Kontakt<\/h3><p data-start=\"1357\" data-end=\"1482\">Wenn Sie Fragen zu diesen Allgemeinen Gesch\u00e4ftsbedingungen haben, kontaktieren Sie uns bitte unter:<br data-start=\"1456\" data-end=\"1459\" \/><strong data-start=\"1459\" data-end=\"1482\"><a class=\"decorated-link cursor-pointer\" rel=\"noopener\" data-start=\"1461\" data-end=\"1480\">info@rabattblick.de<\/a><\/strong><\/p>\t\t\t\t\t\t\t\t<\/div>\n\t\t\t\t\t<\/div>\n\t\t\t\t<\/div>\n\t\t\t\t<\/div>","protected":false},"excerpt":{"rendered":"<p>Willkommen auf RabattBlick\u00a0Durch die Nutzung dieser Website stimmen Sie diesen Allgemeinen Gesch\u00e4ftsbedingungen zu. Bitte lesen Sie diese sorgf\u00e4ltig. 1. \u00dcber uns RabattBlick ist eine unabh\u00e4ngige Plattform f\u00fcr Gutscheine, Angebote und Rabatte. Wir stellen Informationen zu Angeboten von Drittanbieter-Online-Shops bereit. Wir verkaufen keine Produkte, bearbeiten keine Zahlungen und wickeln keine Bestellungen ab. Alle K\u00e4ufe werden direkt [&hellip;]<\/p>\n","protected":false},"author":1,"featured_media":0,"parent":0,"menu_order":0,"comment_status":"closed","ping_status":"closed","template":"elementor_header_footer","meta":{"footnotes":""},"class_list":["post-54","page","type-page","status-publish","hentry"],"yoast_head":"<!-- This site is optimized with the Yoast SEO Premium plugin v26.0 (Yoast SEO v27.5) - https:\/\/yoast.com\/product\/yoast-seo-premium-wordpress\/ -->\n<title>Gesch\u00e4ftsbedingungen - RABATT BLICK<\/title>\n<meta name=\"robots\" content=\"index, follow, max-snippet:-1, max-image-preview:large, max-video-preview:-1\" \/>\n<link rel=\"canonical\" href=\"https:\/\/rabattblick.de\/de\/geschaeftsbedingungen\/\" \/>\n<meta property=\"og:locale\" content=\"de_DE\" \/>\n<meta property=\"og:type\" content=\"article\" \/>\n<meta property=\"og:title\" content=\"Gesch\u00e4ftsbedingungen\" \/>\n<meta property=\"og:description\" content=\"Willkommen auf RabattBlick\u00a0Durch die Nutzung dieser Website stimmen Sie diesen Allgemeinen Gesch\u00e4ftsbedingungen zu. Bitte lesen Sie diese sorgf\u00e4ltig. 1. \u00dcber uns RabattBlick ist eine unabh\u00e4ngige Plattform f\u00fcr Gutscheine, Angebote und Rabatte. Wir stellen Informationen zu Angeboten von Drittanbieter-Online-Shops bereit. Wir verkaufen keine Produkte, bearbeiten keine Zahlungen und wickeln keine Bestellungen ab. Alle K\u00e4ufe werden direkt [&hellip;]\" \/>\n<meta property=\"og:url\" content=\"https:\/\/rabattblick.de\/de\/geschaeftsbedingungen\/\" \/>\n<meta property=\"og:site_name\" content=\"RABATT BLICK\" \/>\n<meta property=\"article:modified_time\" content=\"2026-01-29T12:30:29+00:00\" \/>\n<meta name=\"twitter:card\" content=\"summary_large_image\" \/>\n<meta name=\"twitter:label1\" content=\"Gesch\u00e4tzte Lesezeit\" \/>\n\t<meta name=\"twitter:data1\" content=\"2\u00a0Minuten\" \/>\n<script type=\"application\/ld+json\" class=\"yoast-schema-graph\">{\"@context\":\"https:\\\/\\\/schema.org\",\"@graph\":[{\"@type\":\"WebPage\",\"@id\":\"https:\\\/\\\/rabattblick.de\\\/geschaeftsbedingungen\\\/\",\"url\":\"https:\\\/\\\/rabattblick.de\\\/geschaeftsbedingungen\\\/\",\"name\":\"Gesch\u00e4ftsbedingungen - RABATT BLICK\",\"isPartOf\":{\"@id\":\"https:\\\/\\\/rabattblick.de\\\/#website\"},\"datePublished\":\"2026-01-13T12:33:13+00:00\",\"dateModified\":\"2026-01-29T12:30:29+00:00\",\"breadcrumb\":{\"@id\":\"https:\\\/\\\/rabattblick.de\\\/geschaeftsbedingungen\\\/#breadcrumb\"},\"inLanguage\":\"de\",\"potentialAction\":[{\"@type\":\"ReadAction\",\"target\":[\"https:\\\/\\\/rabattblick.de\\\/geschaeftsbedingungen\\\/\"]}]},{\"@type\":\"BreadcrumbList\",\"@id\":\"https:\\\/\\\/rabattblick.de\\\/geschaeftsbedingungen\\\/#breadcrumb\",\"itemListElement\":[{\"@type\":\"ListItem\",\"position\":1,\"name\":\"Home\",\"item\":\"https:\\\/\\\/rabattblick.de\\\/\"},{\"@type\":\"ListItem\",\"position\":2,\"name\":\"Gesch\u00e4ftsbedingungen\"}]},{\"@type\":\"WebSite\",\"@id\":\"https:\\\/\\\/rabattblick.de\\\/#website\",\"url\":\"https:\\\/\\\/rabattblick.de\\\/\",\"name\":\"RABATT BLICK\",\"description\":\"\",\"publisher\":{\"@id\":\"https:\\\/\\\/rabattblick.de\\\/#organization\"},\"potentialAction\":[{\"@type\":\"SearchAction\",\"target\":{\"@type\":\"EntryPoint\",\"urlTemplate\":\"https:\\\/\\\/rabattblick.de\\\/?s={search_term_string}\"},\"query-input\":{\"@type\":\"PropertyValueSpecification\",\"valueRequired\":true,\"valueName\":\"search_term_string\"}}],\"inLanguage\":\"de\"},{\"@type\":\"Organization\",\"@id\":\"https:\\\/\\\/rabattblick.de\\\/#organization\",\"name\":\"RABATT BLICK\",\"url\":\"https:\\\/\\\/rabattblick.de\\\/\",\"logo\":{\"@type\":\"ImageObject\",\"inLanguage\":\"de\",\"@id\":\"https:\\\/\\\/rabattblick.de\\\/#\\\/schema\\\/logo\\\/image\\\/\",\"url\":\"https:\\\/\\\/rabattblick.de\\\/wp-content\\\/uploads\\\/2026\\\/01\\\/Rabattblick-logo-1-2.png\",\"contentUrl\":\"https:\\\/\\\/rabattblick.de\\\/wp-content\\\/uploads\\\/2026\\\/01\\\/Rabattblick-logo-1-2.png\",\"width\":149,\"height\":50,\"caption\":\"RABATT BLICK\"},\"image\":{\"@id\":\"https:\\\/\\\/rabattblick.de\\\/#\\\/schema\\\/logo\\\/image\\\/\"}}]}<\/script>\n<!-- \/ Yoast SEO Premium plugin. -->","yoast_head_json":{"title":"Gesch\u00e4ftsbedingungen - RABATT BLICK","robots":{"index":"index","follow":"follow","max-snippet":"max-snippet:-1","max-image-preview":"max-image-preview:large","max-video-preview":"max-video-preview:-1"},"canonical":"https:\/\/rabattblick.de\/de\/geschaeftsbedingungen\/","og_locale":"de_DE","og_type":"article","og_title":"Gesch\u00e4ftsbedingungen","og_description":"Willkommen auf RabattBlick\u00a0Durch die Nutzung dieser Website stimmen Sie diesen Allgemeinen Gesch\u00e4ftsbedingungen zu. Bitte lesen Sie diese sorgf\u00e4ltig. 1. \u00dcber uns RabattBlick ist eine unabh\u00e4ngige Plattform f\u00fcr Gutscheine, Angebote und Rabatte. Wir stellen Informationen zu Angeboten von Drittanbieter-Online-Shops bereit. Wir verkaufen keine Produkte, bearbeiten keine Zahlungen und wickeln keine Bestellungen ab. Alle K\u00e4ufe werden direkt [&hellip;]","og_url":"https:\/\/rabattblick.de\/de\/geschaeftsbedingungen\/","og_site_name":"RABATT BLICK","article_modified_time":"2026-01-29T12:30:29+00:00","twitter_card":"summary_large_image","twitter_misc":{"Gesch\u00e4tzte Lesezeit":"2\u00a0Minuten"},"schema":{"@context":"https:\/\/schema.org","@graph":[{"@type":"WebPage","@id":"https:\/\/rabattblick.de\/geschaeftsbedingungen\/","url":"https:\/\/rabattblick.de\/geschaeftsbedingungen\/","name":"Gesch\u00e4ftsbedingungen - RABATT BLICK","isPartOf":{"@id":"https:\/\/rabattblick.de\/#website"},"datePublished":"2026-01-13T12:33:13+00:00","dateModified":"2026-01-29T12:30:29+00:00","breadcrumb":{"@id":"https:\/\/rabattblick.de\/geschaeftsbedingungen\/#breadcrumb"},"inLanguage":"de","potentialAction":[{"@type":"ReadAction","target":["https:\/\/rabattblick.de\/geschaeftsbedingungen\/"]}]},{"@type":"BreadcrumbList","@id":"https:\/\/rabattblick.de\/geschaeftsbedingungen\/#breadcrumb","itemListElement":[{"@type":"ListItem","position":1,"name":"Home","item":"https:\/\/rabattblick.de\/"},{"@type":"ListItem","position":2,"name":"Gesch\u00e4ftsbedingungen"}]},{"@type":"WebSite","@id":"https:\/\/rabattblick.de\/#website","url":"https:\/\/rabattblick.de\/","name":"RABATT BLICK","description":"","publisher":{"@id":"https:\/\/rabattblick.de\/#organization"},"potentialAction":[{"@type":"SearchAction","target":{"@type":"EntryPoint","urlTemplate":"https:\/\/rabattblick.de\/?s={search_term_string}"},"query-input":{"@type":"PropertyValueSpecification","valueRequired":true,"valueName":"search_term_string"}}],"inLanguage":"de"},{"@type":"Organization","@id":"https:\/\/rabattblick.de\/#organization","name":"RABATT BLICK","url":"https:\/\/rabattblick.de\/","logo":{"@type":"ImageObject","inLanguage":"de","@id":"https:\/\/rabattblick.de\/#\/schema\/logo\/image\/","url":"https:\/\/rabattblick.de\/wp-content\/uploads\/2026\/01\/Rabattblick-logo-1-2.png","contentUrl":"https:\/\/rabattblick.de\/wp-content\/uploads\/2026\/01\/Rabattblick-logo-1-2.png","width":149,"height":50,"caption":"RABATT BLICK"},"image":{"@id":"https:\/\/rabattblick.de\/#\/schema\/logo\/image\/"}}]}},"_hostinger_reach_plugin_has_subscription_block":false,"_hostinger_reach_plugin_is_elementor":false,"_links":{"self":[{"href":"https:\/\/rabattblick.de\/de\/wp-json\/wp\/v2\/pages\/54","targetHints":{"allow":["GET"]}}],"collection":[{"href":"https:\/\/rabattblick.de\/de\/wp-json\/wp\/v2\/pages"}],"about":[{"href":"https:\/\/rabattblick.de\/de\/wp-json\/wp\/v2\/types\/page"}],"author":[{"embeddable":true,"href":"https:\/\/rabattblick.de\/de\/wp-json\/wp\/v2\/users\/1"}],"replies":[{"embeddable":true,"href":"https:\/\/rabattblick.de\/de\/wp-json\/wp\/v2\/comments?post=54"}],"version-history":[{"count":17,"href":"https:\/\/rabattblick.de\/de\/wp-json\/wp\/v2\/pages\/54\/revisions"}],"predecessor-version":[{"id":789,"href":"https:\/\/rabattblick.de\/de\/wp-json\/wp\/v2\/pages\/54\/revisions\/789"}],"wp:attachment":[{"href":"https:\/\/rabattblick.de\/de\/wp-json\/wp\/v2\/media?parent=54"}],"curies":[{"name":"wp","href":"https:\/\/api.w.org\/{rel}","templated":true}]}}