{"id":43,"date":"2026-01-13T12:33:13","date_gmt":"2026-01-13T12:33:13","guid":{"rendered":"https:\/\/green-cheetah-939650.hostingersite.com\/blog\/"},"modified":"2026-01-15T09:32:55","modified_gmt":"2026-01-15T09:32:55","slug":"blog","status":"publish","type":"page","link":"https:\/\/rabattblick.de\/de\/blog\/","title":{"rendered":"Blog"},"content":{"rendered":"<div data-elementor-type=\"wp-page\" data-elementor-id=\"43\" class=\"elementor elementor-43\" data-elementor-post-type=\"page\">\n\t\t\t\t<div class=\"elementor-element elementor-element-511e2df e-flex e-con-boxed e-con e-parent\" data-id=\"511e2df\" data-element_type=\"container\" data-e-type=\"container\">\n\t\t\t\t\t<div class=\"e-con-inner\">\n\t\t\t\t<div class=\"elementor-element elementor-element-6e9b05b elementor-grid-2 elementor-grid-tablet-2 elementor-grid-mobile-1 elementor-posts--thumbnail-top load-more-align-center elementor-widget elementor-widget-posts\" data-id=\"6e9b05b\" data-element_type=\"widget\" data-e-type=\"widget\" data-settings=\"{&quot;classic_columns&quot;:&quot;2&quot;,&quot;pagination_type&quot;:&quot;load_more_on_click&quot;,&quot;classic_columns_tablet&quot;:&quot;2&quot;,&quot;classic_columns_mobile&quot;:&quot;1&quot;,&quot;classic_row_gap&quot;:{&quot;unit&quot;:&quot;px&quot;,&quot;size&quot;:35,&quot;sizes&quot;:[]},&quot;classic_row_gap_tablet&quot;:{&quot;unit&quot;:&quot;px&quot;,&quot;size&quot;:&quot;&quot;,&quot;sizes&quot;:[]},&quot;classic_row_gap_mobile&quot;:{&quot;unit&quot;:&quot;px&quot;,&quot;size&quot;:&quot;&quot;,&quot;sizes&quot;:[]},&quot;load_more_spinner&quot;:{&quot;value&quot;:&quot;fas fa-spinner&quot;,&quot;library&quot;:&quot;fa-solid&quot;}}\" data-widget_type=\"posts.classic\">\n\t\t\t\t<div class=\"elementor-widget-container\">\n\t\t\t\t\t\t\t<div class=\"elementor-posts-container elementor-posts elementor-posts--skin-classic elementor-grid\">\n\t\t\t\t<article class=\"elementor-post elementor-grid-item post-2878 post type-post status-publish format-standard hentry\">\n\t\t\t\t<div class=\"elementor-post__text\">\n\t\t\t\t<h4 class=\"elementor-post__title\">\n\t\t\t<a href=\"https:\/\/rabattblick.de\/de\/pozido-casino-Cashback-Bonus-ohne-Einzahlung-2026\/\" >\n\t\t\t\tpozido casino Cashback Bonus ohne Einzahlung 2026 \u2013 das billige T\u00e4uschungsman\u00f6ver, das Sie \u00fcbersehen sollten\t\t\t<\/a>\n\t\t<\/h4>\n\t\t\t\t<div class=\"elementor-post__excerpt\">\n\t\t\t<p>pozido casino Cashback Bonus ohne Einzahlung 2026 \u2013 das billige T\u00e4uschungsman\u00f6ver, das Sie \u00fcbersehen sollten Der Markt f\u00fcr 2026 ist \u00fcbers\u00e4t mit \u201egratis\u201c Angeboten, die<\/p>\n\t\t<\/div>\n\t\t\n\t\t<a class=\"elementor-post__read-more\" href=\"https:\/\/rabattblick.de\/de\/pozido-casino-Cashback-Bonus-ohne-Einzahlung-2026\/\" aria-label=\"Read more about pozido casino Cashback Bonus ohne Einzahlung 2026 \u2013 das billige T\u00e4uschungsman\u00f6ver, das Sie \u00fcbersehen sollten\" tabindex=\"-1\" >\n\t\t\tRead More \u00bb\t\t<\/a>\n\n\t\t\t\t<\/div>\n\t\t\t\t<\/article>\n\t\t\t\t<article class=\"elementor-post elementor-grid-item post-2877 post type-post status-publish format-standard hentry\">\n\t\t\t\t<div class=\"elementor-post__text\">\n\t\t\t\t<h4 class=\"elementor-post__title\">\n\t\t\t<a href=\"https:\/\/rabattblick.de\/de\/neue-casinos-deutschland\/\" >\n\t\t\t\tNeue Casinos Deutschland \u2013 Der kalte Faktencheck f\u00fcr abgekl\u00e4rte Spieler\t\t\t<\/a>\n\t\t<\/h4>\n\t\t\t\t<div class=\"elementor-post__excerpt\">\n\t\t\t<p>Neue Casinos Deutschland \u2013 Der kalte Faktencheck f\u00fcr abgekl\u00e4rte Spieler Der Markt explodiert j\u00e4hrlich mit etwa 12 neuen Anbietern, doch die meisten versprechen mehr Schein<\/p>\n\t\t<\/div>\n\t\t\n\t\t<a class=\"elementor-post__read-more\" href=\"https:\/\/rabattblick.de\/de\/neue-casinos-deutschland\/\" aria-label=\"Read more about Neue Casinos Deutschland \u2013 Der kalte Faktencheck f\u00fcr abgekl\u00e4rte Spieler\" tabindex=\"-1\" >\n\t\t\tRead More \u00bb\t\t<\/a>\n\n\t\t\t\t<\/div>\n\t\t\t\t<\/article>\n\t\t\t\t<article class=\"elementor-post elementor-grid-item post-2876 post type-post status-publish format-standard hentry\">\n\t\t\t\t<div class=\"elementor-post__text\">\n\t\t\t\t<h4 class=\"elementor-post__title\">\n\t\t\t<a href=\"https:\/\/rabattblick.de\/de\/online-casino-chancen\/\" >\n\t\t\t\tOnline Casino Chancen: Die kalte Rechnung hinter den gl\u00e4nzenden Versprechen\t\t\t<\/a>\n\t\t<\/h4>\n\t\t\t\t<div class=\"elementor-post__excerpt\">\n\t\t\t<p>Online Casino Chancen: Die kalte Rechnung hinter den gl\u00e4nzenden Versprechen Einfach gesagt, die meisten Spieler glauben, dass ein 100\u2011Euro\u2011Bonus bei Bet365 sofort die Bank sprengen<\/p>\n\t\t<\/div>\n\t\t\n\t\t<a class=\"elementor-post__read-more\" href=\"https:\/\/rabattblick.de\/de\/online-casino-chancen\/\" aria-label=\"Read more about Online Casino Chancen: Die kalte Rechnung hinter den gl\u00e4nzenden Versprechen\" tabindex=\"-1\" >\n\t\t\tRead More \u00bb\t\t<\/a>\n\n\t\t\t\t<\/div>\n\t\t\t\t<\/article>\n\t\t\t\t<article class=\"elementor-post elementor-grid-item post-2875 post type-post status-publish format-standard hentry\">\n\t\t\t\t<div class=\"elementor-post__text\">\n\t\t\t\t<h4 class=\"elementor-post__title\">\n\t\t\t<a href=\"https:\/\/rabattblick.de\/de\/online-geld-gewinnen-seri%C3%B6s\/\" >\n\t\t\t\tOnline Geld Gewinnen Seri\u00f6s \u2013 Der harte Blick auf leere Versprechen\t\t\t<\/a>\n\t\t<\/h4>\n\t\t\t\t<div class=\"elementor-post__excerpt\">\n\t\t\t<p>Online Geld Gewinnen Seri\u00f6s \u2013 Der harte Blick auf leere Versprechen In den letzten 12 Monaten wurden laut dem Deutschen Gl\u00fccksspielverband 3,7\u202fMillionen Euro an sogenannten<\/p>\n\t\t<\/div>\n\t\t\n\t\t<a class=\"elementor-post__read-more\" href=\"https:\/\/rabattblick.de\/de\/online-geld-gewinnen-seri%C3%B6s\/\" aria-label=\"Read more about Online Geld Gewinnen Seri\u00f6s \u2013 Der harte Blick auf leere Versprechen\" tabindex=\"-1\" >\n\t\t\tRead More \u00bb\t\t<\/a>\n\n\t\t\t\t<\/div>\n\t\t\t\t<\/article>\n\t\t\t\t<article class=\"elementor-post elementor-grid-item post-2874 post type-post status-publish format-standard hentry\">\n\t\t\t\t<div class=\"elementor-post__text\">\n\t\t\t\t<h4 class=\"elementor-post__title\">\n\t\t\t<a href=\"https:\/\/rabattblick.de\/de\/online-casino-auszahlungsquoten\/\" >\n\t\t\t\tOnline Casino Auszahlungsquoten: Warum das wahre Spiel im Kleingedruckten steckt\t\t\t<\/a>\n\t\t<\/h4>\n\t\t\t\t<div class=\"elementor-post__excerpt\">\n\t\t\t<p>Online Casino Auszahlungsquoten: Warum das wahre Spiel im Kleingedruckten steckt Bet365 wirft mit einer RTP\u2011Rate von 96,3\u202f% scheinbar das Fundament f\u00fcr faire Gewinne. Und doch<\/p>\n\t\t<\/div>\n\t\t\n\t\t<a class=\"elementor-post__read-more\" href=\"https:\/\/rabattblick.de\/de\/online-casino-auszahlungsquoten\/\" aria-label=\"Read more about Online Casino Auszahlungsquoten: Warum das wahre Spiel im Kleingedruckten steckt\" tabindex=\"-1\" >\n\t\t\tRead More \u00bb\t\t<\/a>\n\n\t\t\t\t<\/div>\n\t\t\t\t<\/article>\n\t\t\t\t<article class=\"elementor-post elementor-grid-item post-2873 post type-post status-publish format-standard hentry\">\n\t\t\t\t<div class=\"elementor-post__text\">\n\t\t\t\t<h4 class=\"elementor-post__title\">\n\t\t\t<a href=\"https:\/\/rabattblick.de\/de\/online-gl%C3%BCcksspiel-zahlen\/\" >\n\t\t\t\tOnline Gl\u00fccksspiel Zahlen: Warum Ihre Gewinnillusion immer nur ein Prozentpunktschritt ist\t\t\t<\/a>\n\t\t<\/h4>\n\t\t\t\t<div class=\"elementor-post__excerpt\">\n\t\t\t<p>Online Gl\u00fccksspiel Zahlen: Warum Ihre Gewinnillusion immer nur ein Prozentpunktschritt ist Der erste Fehltritt passiert, sobald die Werbung mit \u201e30\u202f% Bonus\u201c lockt; die Kalkulation zeigt<\/p>\n\t\t<\/div>\n\t\t\n\t\t<a class=\"elementor-post__read-more\" href=\"https:\/\/rabattblick.de\/de\/online-gl%C3%BCcksspiel-zahlen\/\" aria-label=\"Read more about Online Gl\u00fccksspiel Zahlen: Warum Ihre Gewinnillusion immer nur ein Prozentpunktschritt ist\" tabindex=\"-1\" >\n\t\t\tRead More \u00bb\t\t<\/a>\n\n\t\t\t\t<\/div>\n\t\t\t\t<\/article>\n\t\t\t\t<\/div>\n\t\t\t\t\t<span class=\"e-load-more-spinner\">\n\t\t\t\t<svg aria-hidden=\"true\" class=\"e-font-icon-svg e-fas-spinner\" viewbox=\"0 0 512 512\" xmlns=\"http:\/\/www.w3.org\/2000\/svg\"><path d=\"M304 48c0 26.51-21.49 48-48 48s-48-21.49-48-48 21.49-48 48-48 48 21.49 48 48zm-48 368c-26.51 0-48 21.49-48 48s21.49 48 48 48 48-21.49 48-48-21.49-48-48-48zm208-208c-26.51 0-48 21.49-48 48s21.49 48 48 48 48-21.49 48-48-21.49-48-48-48zM96 256c0-26.51-21.49-48-48-48S0 229.49 0 256s21.49 48 48 48 48-21.49 48-48zm12.922 99.078c-26.51 0-48 21.49-48 48s21.49 48 48 48 48-21.49 48-48c0-26.509-21.491-48-48-48zm294.156 0c-26.51 0-48 21.49-48 48s21.49 48 48 48 48-21.49 48-48c0-26.509-21.49-48-48-48zM108.922 60.922c-26.51 0-48 21.49-48 48s21.49 48 48 48 48-21.49 48-48-21.491-48-48-48z\"><\/path><\/svg>\t\t\t<\/span>\n\t\t\n\t\t\t\t<div class=\"e-load-more-anchor\" data-page=\"1\" data-max-page=\"255\" data-next-page=\"https:\/\/rabattblick.de\/de\/wp-json\/wp\/v2\/pages\/43\/page\/2\/\"><\/div>\n\t\t\t\t<div class=\"elementor-button-wrapper\">\n\t\t\t<a href=\"#\" class=\"elementor-button-link elementor-button\" role=\"button\">\n\t\t\t\t\t\t<span class=\"elementor-button-content-wrapper\">\n\t\t\t\t\t\t\t\t\t<span class=\"elementor-button-text\">Load More<\/span>\n\t\t\t\t\t<\/span>\n\t\t\t\t\t<\/a>\n\t\t<\/div>\n\t\t\t\t<div class=\"e-load-more-message\"><\/div>\n\t\t\t\t\t\t<\/div>\n\t\t\t\t<\/div>\n\t\t\t\t\t<\/div>\n\t\t\t\t<\/div>\n\t\t\t\t<\/div>","protected":false},"excerpt":{"rendered":"","protected":false},"author":1,"featured_media":0,"parent":0,"menu_order":0,"comment_status":"closed","ping_status":"closed","template":"page-transparent.php","meta":{"footnotes":""},"class_list":["post-43","page","type-page","status-publish","hentry"],"yoast_head":"<!-- This site is optimized with the Yoast SEO Premium plugin v26.0 (Yoast SEO v27.5) - https:\/\/yoast.com\/product\/yoast-seo-premium-wordpress\/ -->\n<title>Blog - RABATT BLICK<\/title>\n<meta name=\"robots\" content=\"index, follow, max-snippet:-1, max-image-preview:large, max-video-preview:-1\" \/>\n<link rel=\"canonical\" href=\"https:\/\/rabattblick.de\/de\/blog\/\" \/>\n<meta property=\"og:locale\" content=\"de_DE\" \/>\n<meta property=\"og:type\" content=\"article\" \/>\n<meta property=\"og:title\" content=\"Blog\" \/>\n<meta property=\"og:url\" content=\"https:\/\/rabattblick.de\/de\/blog\/\" \/>\n<meta property=\"og:site_name\" content=\"RABATT BLICK\" \/>\n<meta property=\"article:modified_time\" content=\"2026-01-15T09:32:55+00:00\" \/>\n<meta name=\"twitter:card\" content=\"summary_large_image\" \/>\n<script type=\"application\/ld+json\" class=\"yoast-schema-graph\">{\"@context\":\"https:\\\/\\\/schema.org\",\"@graph\":[{\"@type\":\"WebPage\",\"@id\":\"https:\\\/\\\/rabattblick.de\\\/blog\\\/\",\"url\":\"https:\\\/\\\/rabattblick.de\\\/blog\\\/\",\"name\":\"Blog - RABATT BLICK\",\"isPartOf\":{\"@id\":\"https:\\\/\\\/rabattblick.de\\\/#website\"},\"datePublished\":\"2026-01-13T12:33:13+00:00\",\"dateModified\":\"2026-01-15T09:32:55+00:00\",\"breadcrumb\":{\"@id\":\"https:\\\/\\\/rabattblick.de\\\/blog\\\/#breadcrumb\"},\"inLanguage\":\"de\",\"potentialAction\":[{\"@type\":\"ReadAction\",\"target\":[\"https:\\\/\\\/rabattblick.de\\\/blog\\\/\"]}]},{\"@type\":\"BreadcrumbList\",\"@id\":\"https:\\\/\\\/rabattblick.de\\\/blog\\\/#breadcrumb\",\"itemListElement\":[{\"@type\":\"ListItem\",\"position\":1,\"name\":\"Home\",\"item\":\"https:\\\/\\\/rabattblick.de\\\/\"},{\"@type\":\"ListItem\",\"position\":2,\"name\":\"Blog\"}]},{\"@type\":\"WebSite\",\"@id\":\"https:\\\/\\\/rabattblick.de\\\/#website\",\"url\":\"https:\\\/\\\/rabattblick.de\\\/\",\"name\":\"RABATT BLICK\",\"description\":\"\",\"publisher\":{\"@id\":\"https:\\\/\\\/rabattblick.de\\\/#organization\"},\"potentialAction\":[{\"@type\":\"SearchAction\",\"target\":{\"@type\":\"EntryPoint\",\"urlTemplate\":\"https:\\\/\\\/rabattblick.de\\\/?s={search_term_string}\"},\"query-input\":{\"@type\":\"PropertyValueSpecification\",\"valueRequired\":true,\"valueName\":\"search_term_string\"}}],\"inLanguage\":\"de\"},{\"@type\":\"Organization\",\"@id\":\"https:\\\/\\\/rabattblick.de\\\/#organization\",\"name\":\"RABATT BLICK\",\"url\":\"https:\\\/\\\/rabattblick.de\\\/\",\"logo\":{\"@type\":\"ImageObject\",\"inLanguage\":\"de\",\"@id\":\"https:\\\/\\\/rabattblick.de\\\/#\\\/schema\\\/logo\\\/image\\\/\",\"url\":\"https:\\\/\\\/rabattblick.de\\\/wp-content\\\/uploads\\\/2026\\\/01\\\/Rabattblick-logo-1-2.png\",\"contentUrl\":\"https:\\\/\\\/rabattblick.de\\\/wp-content\\\/uploads\\\/2026\\\/01\\\/Rabattblick-logo-1-2.png\",\"width\":149,\"height\":50,\"caption\":\"RABATT BLICK\"},\"image\":{\"@id\":\"https:\\\/\\\/rabattblick.de\\\/#\\\/schema\\\/logo\\\/image\\\/\"}}]}<\/script>\n<!-- \/ Yoast SEO Premium plugin. -->","yoast_head_json":{"title":"Blog - RABATT BLICK","robots":{"index":"index","follow":"follow","max-snippet":"max-snippet:-1","max-image-preview":"max-image-preview:large","max-video-preview":"max-video-preview:-1"},"canonical":"https:\/\/rabattblick.de\/de\/blog\/","og_locale":"de_DE","og_type":"article","og_title":"Blog","og_url":"https:\/\/rabattblick.de\/de\/blog\/","og_site_name":"RABATT BLICK","article_modified_time":"2026-01-15T09:32:55+00:00","twitter_card":"summary_large_image","schema":{"@context":"https:\/\/schema.org","@graph":[{"@type":"WebPage","@id":"https:\/\/rabattblick.de\/blog\/","url":"https:\/\/rabattblick.de\/blog\/","name":"Blog - RABATT BLICK","isPartOf":{"@id":"https:\/\/rabattblick.de\/#website"},"datePublished":"2026-01-13T12:33:13+00:00","dateModified":"2026-01-15T09:32:55+00:00","breadcrumb":{"@id":"https:\/\/rabattblick.de\/blog\/#breadcrumb"},"inLanguage":"de","potentialAction":[{"@type":"ReadAction","target":["https:\/\/rabattblick.de\/blog\/"]}]},{"@type":"BreadcrumbList","@id":"https:\/\/rabattblick.de\/blog\/#breadcrumb","itemListElement":[{"@type":"ListItem","position":1,"name":"Home","item":"https:\/\/rabattblick.de\/"},{"@type":"ListItem","position":2,"name":"Blog"}]},{"@type":"WebSite","@id":"https:\/\/rabattblick.de\/#website","url":"https:\/\/rabattblick.de\/","name":"RABATT BLICK","description":"","publisher":{"@id":"https:\/\/rabattblick.de\/#organization"},"potentialAction":[{"@type":"SearchAction","target":{"@type":"EntryPoint","urlTemplate":"https:\/\/rabattblick.de\/?s={search_term_string}"},"query-input":{"@type":"PropertyValueSpecification","valueRequired":true,"valueName":"search_term_string"}}],"inLanguage":"de"},{"@type":"Organization","@id":"https:\/\/rabattblick.de\/#organization","name":"RABATT BLICK","url":"https:\/\/rabattblick.de\/","logo":{"@type":"ImageObject","inLanguage":"de","@id":"https:\/\/rabattblick.de\/#\/schema\/logo\/image\/","url":"https:\/\/rabattblick.de\/wp-content\/uploads\/2026\/01\/Rabattblick-logo-1-2.png","contentUrl":"https:\/\/rabattblick.de\/wp-content\/uploads\/2026\/01\/Rabattblick-logo-1-2.png","width":149,"height":50,"caption":"RABATT BLICK"},"image":{"@id":"https:\/\/rabattblick.de\/#\/schema\/logo\/image\/"}}]}},"_hostinger_reach_plugin_has_subscription_block":false,"_hostinger_reach_plugin_is_elementor":false,"_links":{"self":[{"href":"https:\/\/rabattblick.de\/de\/wp-json\/wp\/v2\/pages\/43","targetHints":{"allow":["GET"]}}],"collection":[{"href":"https:\/\/rabattblick.de\/de\/wp-json\/wp\/v2\/pages"}],"about":[{"href":"https:\/\/rabattblick.de\/de\/wp-json\/wp\/v2\/types\/page"}],"author":[{"embeddable":true,"href":"https:\/\/rabattblick.de\/de\/wp-json\/wp\/v2\/users\/1"}],"replies":[{"embeddable":true,"href":"https:\/\/rabattblick.de\/de\/wp-json\/wp\/v2\/comments?post=43"}],"version-history":[{"count":47,"href":"https:\/\/rabattblick.de\/de\/wp-json\/wp\/v2\/pages\/43\/revisions"}],"predecessor-version":[{"id":899,"href":"https:\/\/rabattblick.de\/de\/wp-json\/wp\/v2\/pages\/43\/revisions\/899"}],"wp:attachment":[{"href":"https:\/\/rabattblick.de\/de\/wp-json\/wp\/v2\/media?parent=43"}],"curies":[{"name":"wp","href":"https:\/\/api.w.org\/{rel}","templated":true}]}}