{"id":304,"date":"2026-01-15T09:15:09","date_gmt":"2026-01-15T09:15:09","guid":{"rendered":"https:\/\/green-cheetah-939650.hostingersite.com\/?page_id=304"},"modified":"2026-01-29T12:30:16","modified_gmt":"2026-01-29T12:30:16","slug":"impressum","status":"publish","type":"page","link":"https:\/\/rabattblick.de\/de\/impressum\/","title":{"rendered":"Impressum"},"content":{"rendered":"<div data-elementor-type=\"wp-page\" data-elementor-id=\"304\" class=\"elementor elementor-304\" data-elementor-post-type=\"page\">\n\t\t\t\t<div class=\"elementor-element elementor-element-63d8e7f e-flex e-con-boxed e-con e-parent\" data-id=\"63d8e7f\" data-element_type=\"container\" data-e-type=\"container\">\n\t\t\t\t\t<div class=\"e-con-inner\">\n\t\t\t\t\t<\/div>\n\t\t\t\t<\/div>\n\t\t<div class=\"elementor-element elementor-element-4ed8f10 e-flex e-con-boxed e-con e-parent\" data-id=\"4ed8f10\" data-element_type=\"container\" data-e-type=\"container\">\n\t\t\t\t\t<div class=\"e-con-inner\">\n\t\t\t\t<div class=\"elementor-element elementor-element-014ce02 elementor-widget elementor-widget-text-editor\" data-id=\"014ce02\" data-element_type=\"widget\" data-e-type=\"widget\" data-widget_type=\"text-editor.default\">\n\t\t\t\t\t\t\t\t\t<p>https:\/\/rabattblick.de\/<\/p><p>Name und Sitz der Firma:<\/p><p><span dir=\"auto\">Email: info@rabattblick.de.<\/span><\/p><h3 data-start=\"154\" data-end=\"175\">\u00a0<\/h3><h3 data-start=\"154\" data-end=\"175\">Affiliate-Hinweis<\/h3><p data-start=\"177\" data-end=\"551\">RabattBlick ist eine unabh\u00e4ngige Plattform f\u00fcr Gutscheincodes und Rabattangebote. Wir verkaufen selbst keine Produkte und wickeln weder Zahlungen noch Bestellungen ab. Einige Links auf dieser Website sind sogenannte Affiliate-Links. Kommt \u00fcber diese Links ein Kauf zustande, erhalten wir m\u00f6glicherweise eine Provision. F\u00fcr Nutzer entstehen dadurch keine zus\u00e4tzlichen Kosten.<\/p><p>\u00a0<\/p><p>\u00a0<\/p><p>\u00a0<\/p><p>\u00a0<\/p>\t\t\t\t\t\t\t\t<\/div>\n\t\t\t\t\t<\/div>\n\t\t\t\t<\/div>\n\t\t<div class=\"elementor-element elementor-element-e389792 e-flex e-con-boxed e-con e-parent\" data-id=\"e389792\" data-element_type=\"container\" data-e-type=\"container\">\n\t\t\t\t\t<div class=\"e-con-inner\">\n\t\t\t\t<div class=\"elementor-element elementor-element-929e26f elementor-widget elementor-widget-button\" data-id=\"929e26f\" data-element_type=\"widget\" data-e-type=\"widget\" data-widget_type=\"button.default\">\n\t\t\t\t\t\t\t\t\t\t<a class=\"elementor-button elementor-button-link elementor-size-sm\" href=\"#\">\n\t\t\t\t\t\t<span class=\"elementor-button-content-wrapper\">\n\t\t\t\t\t\t\t\t\t<span class=\"elementor-button-text\">Click here<\/span>\n\t\t\t\t\t<\/span>\n\t\t\t\t\t<\/a>\n\t\t\t\t\t\t\t\t<\/div>\n\t\t\t\t\t<\/div>\n\t\t\t\t<\/div>\n\t\t\t\t<\/div>","protected":false},"excerpt":{"rendered":"<p>https:\/\/rabattblick.de\/ Name und Sitz der Firma: Email: info@rabattblick.de. \u00a0 Affiliate-Hinweis RabattBlick ist eine unabh\u00e4ngige Plattform f\u00fcr Gutscheincodes und Rabattangebote. Wir verkaufen selbst keine Produkte und wickeln weder Zahlungen noch Bestellungen ab. Einige Links auf dieser Website sind sogenannte Affiliate-Links. Kommt \u00fcber diese Links ein Kauf zustande, erhalten wir m\u00f6glicherweise eine Provision. F\u00fcr Nutzer entstehen dadurch [&hellip;]<\/p>\n","protected":false},"author":1,"featured_media":0,"parent":0,"menu_order":0,"comment_status":"closed","ping_status":"closed","template":"elementor_header_footer","meta":{"footnotes":""},"class_list":["post-304","page","type-page","status-publish","hentry"],"yoast_head":"<!-- This site is optimized with the Yoast SEO Premium plugin v26.0 (Yoast SEO v27.5) - https:\/\/yoast.com\/product\/yoast-seo-premium-wordpress\/ -->\n<title>Impressum - RABATT BLICK<\/title>\n<meta name=\"robots\" content=\"index, follow, max-snippet:-1, max-image-preview:large, max-video-preview:-1\" \/>\n<link rel=\"canonical\" href=\"https:\/\/rabattblick.de\/de\/impressum\/\" \/>\n<meta property=\"og:locale\" content=\"de_DE\" \/>\n<meta property=\"og:type\" content=\"article\" \/>\n<meta property=\"og:title\" content=\"Impressum\" \/>\n<meta property=\"og:description\" content=\"https:\/\/rabattblick.de\/ Name und Sitz der Firma: Email: info@rabattblick.de. \u00a0 Affiliate-Hinweis RabattBlick ist eine unabh\u00e4ngige Plattform f\u00fcr Gutscheincodes und Rabattangebote. Wir verkaufen selbst keine Produkte und wickeln weder Zahlungen noch Bestellungen ab. Einige Links auf dieser Website sind sogenannte Affiliate-Links. Kommt \u00fcber diese Links ein Kauf zustande, erhalten wir m\u00f6glicherweise eine Provision. F\u00fcr Nutzer entstehen dadurch [&hellip;]\" \/>\n<meta property=\"og:url\" content=\"https:\/\/rabattblick.de\/de\/impressum\/\" \/>\n<meta property=\"og:site_name\" content=\"RABATT BLICK\" \/>\n<meta property=\"article:modified_time\" content=\"2026-01-29T12:30:16+00:00\" \/>\n<meta name=\"twitter:card\" content=\"summary_large_image\" \/>\n<meta name=\"twitter:label1\" content=\"Gesch\u00e4tzte Lesezeit\" \/>\n\t<meta name=\"twitter:data1\" content=\"1\u00a0Minute\" \/>\n<script type=\"application\/ld+json\" class=\"yoast-schema-graph\">{\"@context\":\"https:\\\/\\\/schema.org\",\"@graph\":[{\"@type\":\"WebPage\",\"@id\":\"https:\\\/\\\/rabattblick.de\\\/impressum\\\/\",\"url\":\"https:\\\/\\\/rabattblick.de\\\/impressum\\\/\",\"name\":\"Impressum - RABATT BLICK\",\"isPartOf\":{\"@id\":\"https:\\\/\\\/rabattblick.de\\\/#website\"},\"datePublished\":\"2026-01-15T09:15:09+00:00\",\"dateModified\":\"2026-01-29T12:30:16+00:00\",\"breadcrumb\":{\"@id\":\"https:\\\/\\\/rabattblick.de\\\/impressum\\\/#breadcrumb\"},\"inLanguage\":\"de\",\"potentialAction\":[{\"@type\":\"ReadAction\",\"target\":[\"https:\\\/\\\/rabattblick.de\\\/impressum\\\/\"]}]},{\"@type\":\"BreadcrumbList\",\"@id\":\"https:\\\/\\\/rabattblick.de\\\/impressum\\\/#breadcrumb\",\"itemListElement\":[{\"@type\":\"ListItem\",\"position\":1,\"name\":\"Home\",\"item\":\"https:\\\/\\\/rabattblick.de\\\/\"},{\"@type\":\"ListItem\",\"position\":2,\"name\":\"Impressum\"}]},{\"@type\":\"WebSite\",\"@id\":\"https:\\\/\\\/rabattblick.de\\\/#website\",\"url\":\"https:\\\/\\\/rabattblick.de\\\/\",\"name\":\"RABATT BLICK\",\"description\":\"\",\"publisher\":{\"@id\":\"https:\\\/\\\/rabattblick.de\\\/#organization\"},\"potentialAction\":[{\"@type\":\"SearchAction\",\"target\":{\"@type\":\"EntryPoint\",\"urlTemplate\":\"https:\\\/\\\/rabattblick.de\\\/?s={search_term_string}\"},\"query-input\":{\"@type\":\"PropertyValueSpecification\",\"valueRequired\":true,\"valueName\":\"search_term_string\"}}],\"inLanguage\":\"de\"},{\"@type\":\"Organization\",\"@id\":\"https:\\\/\\\/rabattblick.de\\\/#organization\",\"name\":\"RABATT BLICK\",\"url\":\"https:\\\/\\\/rabattblick.de\\\/\",\"logo\":{\"@type\":\"ImageObject\",\"inLanguage\":\"de\",\"@id\":\"https:\\\/\\\/rabattblick.de\\\/#\\\/schema\\\/logo\\\/image\\\/\",\"url\":\"https:\\\/\\\/rabattblick.de\\\/wp-content\\\/uploads\\\/2026\\\/01\\\/Rabattblick-logo-1-2.png\",\"contentUrl\":\"https:\\\/\\\/rabattblick.de\\\/wp-content\\\/uploads\\\/2026\\\/01\\\/Rabattblick-logo-1-2.png\",\"width\":149,\"height\":50,\"caption\":\"RABATT BLICK\"},\"image\":{\"@id\":\"https:\\\/\\\/rabattblick.de\\\/#\\\/schema\\\/logo\\\/image\\\/\"}}]}<\/script>\n<!-- \/ Yoast SEO Premium plugin. -->","yoast_head_json":{"title":"Impressum - RABATT BLICK","robots":{"index":"index","follow":"follow","max-snippet":"max-snippet:-1","max-image-preview":"max-image-preview:large","max-video-preview":"max-video-preview:-1"},"canonical":"https:\/\/rabattblick.de\/de\/impressum\/","og_locale":"de_DE","og_type":"article","og_title":"Impressum","og_description":"https:\/\/rabattblick.de\/ Name und Sitz der Firma: Email: info@rabattblick.de. \u00a0 Affiliate-Hinweis RabattBlick ist eine unabh\u00e4ngige Plattform f\u00fcr Gutscheincodes und Rabattangebote. Wir verkaufen selbst keine Produkte und wickeln weder Zahlungen noch Bestellungen ab. Einige Links auf dieser Website sind sogenannte Affiliate-Links. Kommt \u00fcber diese Links ein Kauf zustande, erhalten wir m\u00f6glicherweise eine Provision. F\u00fcr Nutzer entstehen dadurch [&hellip;]","og_url":"https:\/\/rabattblick.de\/de\/impressum\/","og_site_name":"RABATT BLICK","article_modified_time":"2026-01-29T12:30:16+00:00","twitter_card":"summary_large_image","twitter_misc":{"Gesch\u00e4tzte Lesezeit":"1\u00a0Minute"},"schema":{"@context":"https:\/\/schema.org","@graph":[{"@type":"WebPage","@id":"https:\/\/rabattblick.de\/impressum\/","url":"https:\/\/rabattblick.de\/impressum\/","name":"Impressum - RABATT BLICK","isPartOf":{"@id":"https:\/\/rabattblick.de\/#website"},"datePublished":"2026-01-15T09:15:09+00:00","dateModified":"2026-01-29T12:30:16+00:00","breadcrumb":{"@id":"https:\/\/rabattblick.de\/impressum\/#breadcrumb"},"inLanguage":"de","potentialAction":[{"@type":"ReadAction","target":["https:\/\/rabattblick.de\/impressum\/"]}]},{"@type":"BreadcrumbList","@id":"https:\/\/rabattblick.de\/impressum\/#breadcrumb","itemListElement":[{"@type":"ListItem","position":1,"name":"Home","item":"https:\/\/rabattblick.de\/"},{"@type":"ListItem","position":2,"name":"Impressum"}]},{"@type":"WebSite","@id":"https:\/\/rabattblick.de\/#website","url":"https:\/\/rabattblick.de\/","name":"RABATT BLICK","description":"","publisher":{"@id":"https:\/\/rabattblick.de\/#organization"},"potentialAction":[{"@type":"SearchAction","target":{"@type":"EntryPoint","urlTemplate":"https:\/\/rabattblick.de\/?s={search_term_string}"},"query-input":{"@type":"PropertyValueSpecification","valueRequired":true,"valueName":"search_term_string"}}],"inLanguage":"de"},{"@type":"Organization","@id":"https:\/\/rabattblick.de\/#organization","name":"RABATT BLICK","url":"https:\/\/rabattblick.de\/","logo":{"@type":"ImageObject","inLanguage":"de","@id":"https:\/\/rabattblick.de\/#\/schema\/logo\/image\/","url":"https:\/\/rabattblick.de\/wp-content\/uploads\/2026\/01\/Rabattblick-logo-1-2.png","contentUrl":"https:\/\/rabattblick.de\/wp-content\/uploads\/2026\/01\/Rabattblick-logo-1-2.png","width":149,"height":50,"caption":"RABATT BLICK"},"image":{"@id":"https:\/\/rabattblick.de\/#\/schema\/logo\/image\/"}}]}},"_hostinger_reach_plugin_has_subscription_block":false,"_hostinger_reach_plugin_is_elementor":false,"_links":{"self":[{"href":"https:\/\/rabattblick.de\/de\/wp-json\/wp\/v2\/pages\/304","targetHints":{"allow":["GET"]}}],"collection":[{"href":"https:\/\/rabattblick.de\/de\/wp-json\/wp\/v2\/pages"}],"about":[{"href":"https:\/\/rabattblick.de\/de\/wp-json\/wp\/v2\/types\/page"}],"author":[{"embeddable":true,"href":"https:\/\/rabattblick.de\/de\/wp-json\/wp\/v2\/users\/1"}],"replies":[{"embeddable":true,"href":"https:\/\/rabattblick.de\/de\/wp-json\/wp\/v2\/comments?post=304"}],"version-history":[{"count":14,"href":"https:\/\/rabattblick.de\/de\/wp-json\/wp\/v2\/pages\/304\/revisions"}],"predecessor-version":[{"id":830,"href":"https:\/\/rabattblick.de\/de\/wp-json\/wp\/v2\/pages\/304\/revisions\/830"}],"wp:attachment":[{"href":"https:\/\/rabattblick.de\/de\/wp-json\/wp\/v2\/media?parent=304"}],"curies":[{"name":"wp","href":"https:\/\/api.w.org\/{rel}","templated":true}]}}