{"id":296,"date":"2026-01-15T09:06:15","date_gmt":"2026-01-15T09:06:15","guid":{"rendered":"https:\/\/green-cheetah-939650.hostingersite.com\/?page_id=296"},"modified":"2026-01-29T12:26:45","modified_gmt":"2026-01-29T12:26:45","slug":"ueber-uns","status":"publish","type":"page","link":"https:\/\/rabattblick.de\/de\/ueber-uns\/","title":{"rendered":"\u00dcber Uns"},"content":{"rendered":"<div data-elementor-type=\"wp-page\" data-elementor-id=\"296\" class=\"elementor elementor-296\" data-elementor-post-type=\"page\">\n\t\t\t\t<div class=\"elementor-element elementor-element-309acd0 e-flex e-con-boxed e-con e-parent\" data-id=\"309acd0\" data-element_type=\"container\" data-e-type=\"container\">\n\t\t\t\t\t<div class=\"e-con-inner\">\n\t\t\t\t\t<\/div>\n\t\t\t\t<\/div>\n\t\t<div class=\"elementor-element elementor-element-301eb71 e-flex e-con-boxed e-con e-parent\" data-id=\"301eb71\" data-element_type=\"container\" data-e-type=\"container\">\n\t\t\t\t\t<div class=\"e-con-inner\">\n\t\t\t\t<div class=\"elementor-element elementor-element-2ec413d elementor-widget elementor-widget-text-editor\" data-id=\"2ec413d\" data-element_type=\"widget\" data-e-type=\"widget\" data-widget_type=\"text-editor.default\">\n\t\t\t\t\t\t\t\t\t<p data-start=\"213\" data-end=\"945\"><a href=\"https:\/\/rabattblick.de\/de\/\">RabattBlick<\/a>ist eine zuverl\u00e4ssige Plattform zur Entdeckung der neuesten Gutscheincodes, Rabatte und Sonderangebote beliebter Online-Shops. Unser Ziel ist es, Nutzern dabei zu helfen, einfach Geld zu sparen, indem wir gepr\u00fcfte und stets aktuelle Angebote an einem Ort bereitstellen. Wir arbeiten mit vertrauensw\u00fcrdigen Affiliate-Partnern und H\u00e4ndlern zusammen, um Transparenz und Genauigkeit zu gew\u00e4hrleisten. Ob Gutscheincodes, saisonale Aktionen oder exklusive Angebote RabattBlick<a href=\"https:\/\/rabattblick.de\/de\/\">\u00a0<\/a>macht smartes Einkaufen einfach.<\/p><p data-start=\"213\" data-end=\"945\">Wir verkaufen selbst keine Produkte, sondern leiten die Nutzer auf die jeweiligen H\u00e4ndler-Websites weiter, auf denen der Kauf abgeschlossen wird. Die Nutzung von RabattBlick \u00a0ist vollst\u00e4ndig kostenlos und unverbindlich. Einige Links auf dieser Website sind sogenannte Affiliate-Links. Wenn \u00fcber diese Links ein Kauf get\u00e4tigt wird, erhalten wir m\u00f6glicherweise eine Provision, ohne dass f\u00fcr den Nutzer zus\u00e4tzliche Kosten entstehen.<\/p>\t\t\t\t\t\t\t\t<\/div>\n\t\t\t\t\t<\/div>\n\t\t\t\t<\/div>\n\t\t\t\t<\/div>","protected":false},"excerpt":{"rendered":"<p>RabattBlickist eine zuverl\u00e4ssige Plattform zur Entdeckung der neuesten Gutscheincodes, Rabatte und Sonderangebote beliebter Online-Shops. Unser Ziel ist es, Nutzern dabei zu helfen, einfach Geld zu sparen, indem wir gepr\u00fcfte und stets aktuelle Angebote an einem Ort bereitstellen. Wir arbeiten mit vertrauensw\u00fcrdigen Affiliate-Partnern und H\u00e4ndlern zusammen, um Transparenz und Genauigkeit zu gew\u00e4hrleisten. Ob Gutscheincodes, saisonale Aktionen [&hellip;]<\/p>\n","protected":false},"author":1,"featured_media":0,"parent":0,"menu_order":0,"comment_status":"closed","ping_status":"closed","template":"elementor_header_footer","meta":{"footnotes":""},"class_list":["post-296","page","type-page","status-publish","hentry"],"yoast_head":"<!-- This site is optimized with the Yoast SEO Premium plugin v26.0 (Yoast SEO v27.5) - https:\/\/yoast.com\/product\/yoast-seo-premium-wordpress\/ -->\n<title>\u00dcber Uns - RABATT BLICK<\/title>\n<meta name=\"robots\" content=\"index, follow, max-snippet:-1, max-image-preview:large, max-video-preview:-1\" \/>\n<link rel=\"canonical\" href=\"https:\/\/rabattblick.de\/de\/ueber-uns\/\" \/>\n<meta property=\"og:locale\" content=\"de_DE\" \/>\n<meta property=\"og:type\" content=\"article\" \/>\n<meta property=\"og:title\" content=\"\u00dcber Uns\" \/>\n<meta property=\"og:description\" content=\"RabattBlickist eine zuverl\u00e4ssige Plattform zur Entdeckung der neuesten Gutscheincodes, Rabatte und Sonderangebote beliebter Online-Shops. Unser Ziel ist es, Nutzern dabei zu helfen, einfach Geld zu sparen, indem wir gepr\u00fcfte und stets aktuelle Angebote an einem Ort bereitstellen. Wir arbeiten mit vertrauensw\u00fcrdigen Affiliate-Partnern und H\u00e4ndlern zusammen, um Transparenz und Genauigkeit zu gew\u00e4hrleisten. Ob Gutscheincodes, saisonale Aktionen [&hellip;]\" \/>\n<meta property=\"og:url\" content=\"https:\/\/rabattblick.de\/de\/ueber-uns\/\" \/>\n<meta property=\"og:site_name\" content=\"RABATT BLICK\" \/>\n<meta property=\"article:modified_time\" content=\"2026-01-29T12:26:45+00:00\" \/>\n<meta name=\"twitter:card\" content=\"summary_large_image\" \/>\n<meta name=\"twitter:label1\" content=\"Gesch\u00e4tzte Lesezeit\" \/>\n\t<meta name=\"twitter:data1\" content=\"1\u00a0Minute\" \/>\n<script type=\"application\/ld+json\" class=\"yoast-schema-graph\">{\"@context\":\"https:\\\/\\\/schema.org\",\"@graph\":[{\"@type\":\"WebPage\",\"@id\":\"https:\\\/\\\/rabattblick.de\\\/ueber-uns\\\/\",\"url\":\"https:\\\/\\\/rabattblick.de\\\/ueber-uns\\\/\",\"name\":\"\u00dcber Uns - RABATT BLICK\",\"isPartOf\":{\"@id\":\"https:\\\/\\\/rabattblick.de\\\/#website\"},\"datePublished\":\"2026-01-15T09:06:15+00:00\",\"dateModified\":\"2026-01-29T12:26:45+00:00\",\"breadcrumb\":{\"@id\":\"https:\\\/\\\/rabattblick.de\\\/ueber-uns\\\/#breadcrumb\"},\"inLanguage\":\"de\",\"potentialAction\":[{\"@type\":\"ReadAction\",\"target\":[\"https:\\\/\\\/rabattblick.de\\\/ueber-uns\\\/\"]}]},{\"@type\":\"BreadcrumbList\",\"@id\":\"https:\\\/\\\/rabattblick.de\\\/ueber-uns\\\/#breadcrumb\",\"itemListElement\":[{\"@type\":\"ListItem\",\"position\":1,\"name\":\"Home\",\"item\":\"https:\\\/\\\/rabattblick.de\\\/\"},{\"@type\":\"ListItem\",\"position\":2,\"name\":\"\u00dcber Uns\"}]},{\"@type\":\"WebSite\",\"@id\":\"https:\\\/\\\/rabattblick.de\\\/#website\",\"url\":\"https:\\\/\\\/rabattblick.de\\\/\",\"name\":\"RABATT BLICK\",\"description\":\"\",\"publisher\":{\"@id\":\"https:\\\/\\\/rabattblick.de\\\/#organization\"},\"potentialAction\":[{\"@type\":\"SearchAction\",\"target\":{\"@type\":\"EntryPoint\",\"urlTemplate\":\"https:\\\/\\\/rabattblick.de\\\/?s={search_term_string}\"},\"query-input\":{\"@type\":\"PropertyValueSpecification\",\"valueRequired\":true,\"valueName\":\"search_term_string\"}}],\"inLanguage\":\"de\"},{\"@type\":\"Organization\",\"@id\":\"https:\\\/\\\/rabattblick.de\\\/#organization\",\"name\":\"RABATT BLICK\",\"url\":\"https:\\\/\\\/rabattblick.de\\\/\",\"logo\":{\"@type\":\"ImageObject\",\"inLanguage\":\"de\",\"@id\":\"https:\\\/\\\/rabattblick.de\\\/#\\\/schema\\\/logo\\\/image\\\/\",\"url\":\"https:\\\/\\\/rabattblick.de\\\/wp-content\\\/uploads\\\/2026\\\/01\\\/Rabattblick-logo-1-2.png\",\"contentUrl\":\"https:\\\/\\\/rabattblick.de\\\/wp-content\\\/uploads\\\/2026\\\/01\\\/Rabattblick-logo-1-2.png\",\"width\":149,\"height\":50,\"caption\":\"RABATT BLICK\"},\"image\":{\"@id\":\"https:\\\/\\\/rabattblick.de\\\/#\\\/schema\\\/logo\\\/image\\\/\"}}]}<\/script>\n<!-- \/ Yoast SEO Premium plugin. -->","yoast_head_json":{"title":"\u00dcber Uns - RABATT BLICK","robots":{"index":"index","follow":"follow","max-snippet":"max-snippet:-1","max-image-preview":"max-image-preview:large","max-video-preview":"max-video-preview:-1"},"canonical":"https:\/\/rabattblick.de\/de\/ueber-uns\/","og_locale":"de_DE","og_type":"article","og_title":"\u00dcber Uns","og_description":"RabattBlickist eine zuverl\u00e4ssige Plattform zur Entdeckung der neuesten Gutscheincodes, Rabatte und Sonderangebote beliebter Online-Shops. Unser Ziel ist es, Nutzern dabei zu helfen, einfach Geld zu sparen, indem wir gepr\u00fcfte und stets aktuelle Angebote an einem Ort bereitstellen. Wir arbeiten mit vertrauensw\u00fcrdigen Affiliate-Partnern und H\u00e4ndlern zusammen, um Transparenz und Genauigkeit zu gew\u00e4hrleisten. Ob Gutscheincodes, saisonale Aktionen [&hellip;]","og_url":"https:\/\/rabattblick.de\/de\/ueber-uns\/","og_site_name":"RABATT BLICK","article_modified_time":"2026-01-29T12:26:45+00:00","twitter_card":"summary_large_image","twitter_misc":{"Gesch\u00e4tzte Lesezeit":"1\u00a0Minute"},"schema":{"@context":"https:\/\/schema.org","@graph":[{"@type":"WebPage","@id":"https:\/\/rabattblick.de\/ueber-uns\/","url":"https:\/\/rabattblick.de\/ueber-uns\/","name":"\u00dcber Uns - RABATT BLICK","isPartOf":{"@id":"https:\/\/rabattblick.de\/#website"},"datePublished":"2026-01-15T09:06:15+00:00","dateModified":"2026-01-29T12:26:45+00:00","breadcrumb":{"@id":"https:\/\/rabattblick.de\/ueber-uns\/#breadcrumb"},"inLanguage":"de","potentialAction":[{"@type":"ReadAction","target":["https:\/\/rabattblick.de\/ueber-uns\/"]}]},{"@type":"BreadcrumbList","@id":"https:\/\/rabattblick.de\/ueber-uns\/#breadcrumb","itemListElement":[{"@type":"ListItem","position":1,"name":"Home","item":"https:\/\/rabattblick.de\/"},{"@type":"ListItem","position":2,"name":"\u00dcber Uns"}]},{"@type":"WebSite","@id":"https:\/\/rabattblick.de\/#website","url":"https:\/\/rabattblick.de\/","name":"RABATT BLICK","description":"","publisher":{"@id":"https:\/\/rabattblick.de\/#organization"},"potentialAction":[{"@type":"SearchAction","target":{"@type":"EntryPoint","urlTemplate":"https:\/\/rabattblick.de\/?s={search_term_string}"},"query-input":{"@type":"PropertyValueSpecification","valueRequired":true,"valueName":"search_term_string"}}],"inLanguage":"de"},{"@type":"Organization","@id":"https:\/\/rabattblick.de\/#organization","name":"RABATT BLICK","url":"https:\/\/rabattblick.de\/","logo":{"@type":"ImageObject","inLanguage":"de","@id":"https:\/\/rabattblick.de\/#\/schema\/logo\/image\/","url":"https:\/\/rabattblick.de\/wp-content\/uploads\/2026\/01\/Rabattblick-logo-1-2.png","contentUrl":"https:\/\/rabattblick.de\/wp-content\/uploads\/2026\/01\/Rabattblick-logo-1-2.png","width":149,"height":50,"caption":"RABATT BLICK"},"image":{"@id":"https:\/\/rabattblick.de\/#\/schema\/logo\/image\/"}}]}},"_hostinger_reach_plugin_has_subscription_block":false,"_hostinger_reach_plugin_is_elementor":false,"_links":{"self":[{"href":"https:\/\/rabattblick.de\/de\/wp-json\/wp\/v2\/pages\/296","targetHints":{"allow":["GET"]}}],"collection":[{"href":"https:\/\/rabattblick.de\/de\/wp-json\/wp\/v2\/pages"}],"about":[{"href":"https:\/\/rabattblick.de\/de\/wp-json\/wp\/v2\/types\/page"}],"author":[{"embeddable":true,"href":"https:\/\/rabattblick.de\/de\/wp-json\/wp\/v2\/users\/1"}],"replies":[{"embeddable":true,"href":"https:\/\/rabattblick.de\/de\/wp-json\/wp\/v2\/comments?post=296"}],"version-history":[{"count":40,"href":"https:\/\/rabattblick.de\/de\/wp-json\/wp\/v2\/pages\/296\/revisions"}],"predecessor-version":[{"id":778,"href":"https:\/\/rabattblick.de\/de\/wp-json\/wp\/v2\/pages\/296\/revisions\/778"}],"wp:attachment":[{"href":"https:\/\/rabattblick.de\/de\/wp-json\/wp\/v2\/media?parent=296"}],"curies":[{"name":"wp","href":"https:\/\/api.w.org\/{rel}","templated":true}]}}